{"id":20,"date":"2024-04-28T15:42:50","date_gmt":"2024-04-28T13:42:50","guid":{"rendered":"https:\/\/www.jcavocat.com\/?page_id=20"},"modified":"2024-08-05T13:49:12","modified_gmt":"2024-08-05T11:49:12","slug":"honoraires","status":"publish","type":"page","link":"https:\/\/www.jcavocat.com\/index.php\/honoraires\/","title":{"rendered":"Honoraires"},"content":{"rendered":"\t\t<div data-elementor-type=\"wp-page\" data-elementor-id=\"20\" class=\"elementor elementor-20\">\n\t\t\t\t<div class=\"elementor-element elementor-element-f500591 e-flex e-con-boxed e-con e-parent\" data-id=\"f500591\" data-element_type=\"container\">\n\t\t\t\t\t<div class=\"e-con-inner\">\n\t\t\t\t<div class=\"elementor-element elementor-element-f12352f elementor-widget elementor-widget-heading\" data-id=\"f12352f\" data-element_type=\"widget\" data-widget_type=\"heading.default\">\n\t\t\t\t<div class=\"elementor-widget-container\">\n\t\t\t\t\t<h2 class=\"elementor-heading-title elementor-size-default\">HONORAIRES<\/h2>\t\t\t\t<\/div>\n\t\t\t\t<\/div>\n\t\t\t\t\t<\/div>\n\t\t\t\t<\/div>\n\t\t<div class=\"elementor-element elementor-element-e2482e1 e-flex e-con-boxed e-con e-parent\" data-id=\"e2482e1\" data-element_type=\"container\">\n\t\t\t\t\t<div class=\"e-con-inner\">\n\t\t<div class=\"elementor-element elementor-element-45be596 e-con-full e-flex e-con e-child\" data-id=\"45be596\" data-element_type=\"container\">\n\t\t\t\t<div class=\"elementor-element elementor-element-7183a66 elementor-view-stacked elementor-shape-circle elementor-position-top elementor-mobile-position-top elementor-widget elementor-widget-icon-box\" data-id=\"7183a66\" data-element_type=\"widget\" data-widget_type=\"icon-box.default\">\n\t\t\t\t<div class=\"elementor-widget-container\">\n\t\t\t\t\t\t\t<div class=\"elementor-icon-box-wrapper\">\n\n\t\t\t\t\t\t<div class=\"elementor-icon-box-icon\">\n\t\t\t\t<span  class=\"elementor-icon\">\n\t\t\t\t<svg aria-hidden=\"true\" class=\"e-font-icon-svg e-fas-question\" viewBox=\"0 0 384 512\" xmlns=\"http:\/\/www.w3.org\/2000\/svg\"><path d=\"M202.021 0C122.202 0 70.503 32.703 29.914 91.026c-7.363 10.58-5.093 25.086 5.178 32.874l43.138 32.709c10.373 7.865 25.132 6.026 33.253-4.148 25.049-31.381 43.63-49.449 82.757-49.449 30.764 0 68.816 19.799 68.816 49.631 0 22.552-18.617 34.134-48.993 51.164-35.423 19.86-82.299 44.576-82.299 106.405V320c0 13.255 10.745 24 24 24h72.471c13.255 0 24-10.745 24-24v-5.773c0-42.86 125.268-44.645 125.268-160.627C377.504 66.256 286.902 0 202.021 0zM192 373.459c-38.196 0-69.271 31.075-69.271 69.271 0 38.195 31.075 69.27 69.271 69.27s69.271-31.075 69.271-69.271-31.075-69.27-69.271-69.27z\"><\/path><\/svg>\t\t\t\t<\/span>\n\t\t\t<\/div>\n\t\t\t\n\t\t\t\t\t\t<div class=\"elementor-icon-box-content\">\n\n\t\t\t\t\t\t\t\t\t<h3 class=\"elementor-icon-box-title\">\n\t\t\t\t\t\t<span  >\n\t\t\t\t\t\t\tLa r\u00e9mun\u00e9ration de l'avocat\t\t\t\t\t\t<\/span>\n\t\t\t\t\t<\/h3>\n\t\t\t\t\n\t\t\t\t\n\t\t\t<\/div>\n\t\t\t\n\t\t<\/div>\n\t\t\t\t\t\t<\/div>\n\t\t\t\t<\/div>\n\t\t<div class=\"elementor-element elementor-element-7844d73 e-con-full e-flex e-con e-child\" data-id=\"7844d73\" data-element_type=\"container\">\n\t\t\t\t<div class=\"elementor-element elementor-element-6986053 elementor-widget elementor-widget-text-editor\" data-id=\"6986053\" data-element_type=\"widget\" data-widget_type=\"text-editor.default\">\n\t\t\t\t<div class=\"elementor-widget-container\">\n\t\t\t\t\t\t\t\t\t<p>La r\u00e9mun\u00e9ration de l&rsquo;avocat fait l&rsquo;objet d&rsquo;un <strong>cadre juridique contraint<\/strong>, et lui impose des <strong>obligations d&rsquo;information<\/strong>&nbsp;et de <strong>contractualisation<\/strong> de sa relation avec son client.<\/p>\n<p>Cette r\u00e9mun\u00e9ration doit par cons\u00e9quent faire l&rsquo;objet d&rsquo;une <strong>convention d&rsquo;honoraire pr\u00e9alable<\/strong> \u00e0 tout acte, sauf urgence particuli\u00e8re.<\/p>\n<p>Elle peut \u00eatre d\u00e9termin\u00e9e :&nbsp;<\/p>\n<ul>\n<li style=\"list-style-type: none;\">\n<ul>\n<li>Par forfait ;<\/li>\n<li>Selon un taux horaire ;<\/li>\n<li>Par abonnemment ;<\/li>\n<li>Ou encore selon un honoraire de r\u00e9sultat ;<\/li>\n<\/ul>\n<\/li>\n<\/ul>\n<div><em>Les prix pratiqu\u00e9s sont exprim\u00e9s hors taxes. Le taux de TVA de 20 % est donc syst\u00e9matiquement ajout\u00e9.<\/em><\/div>\t\t\t\t\t\t\t\t<\/div>\n\t\t\t\t<\/div>\n\t\t\t\t<\/div>\n\t\t\t\t<\/div>\n\t\t<div class=\"elementor-element elementor-element-9735926 e-con-full e-flex e-con e-child\" data-id=\"9735926\" data-element_type=\"container\">\n\t\t\t\t<div class=\"elementor-element elementor-element-19d8afc elementor-widget elementor-widget-image\" data-id=\"19d8afc\" data-element_type=\"widget\" data-widget_type=\"image.default\">\n\t\t\t\t<div class=\"elementor-widget-container\">\n\t\t\t\t\t\t\t\t\t\t\t\t<figure class=\"wp-caption\">\n\t\t\t\t\t\t\t\t\t\t<img fetchpriority=\"high\" decoding=\"async\" width=\"768\" height=\"1024\" src=\"https:\/\/www.jcavocat.com\/wp-content\/uploads\/2024\/07\/Les-Docks-Village-Marseille-Mai-2024-768x1024.jpeg\" class=\"attachment-large size-large wp-image-601\" alt=\"\" srcset=\"https:\/\/www.jcavocat.com\/wp-content\/uploads\/2024\/07\/Les-Docks-Village-Marseille-Mai-2024-768x1024.jpeg 768w, https:\/\/www.jcavocat.com\/wp-content\/uploads\/2024\/07\/Les-Docks-Village-Marseille-Mai-2024-225x300.jpeg 225w, https:\/\/www.jcavocat.com\/wp-content\/uploads\/2024\/07\/Les-Docks-Village-Marseille-Mai-2024-1152x1536.jpeg 1152w, https:\/\/www.jcavocat.com\/wp-content\/uploads\/2024\/07\/Les-Docks-Village-Marseille-Mai-2024-1536x2048.jpeg 1536w, https:\/\/www.jcavocat.com\/wp-content\/uploads\/2024\/07\/Les-Docks-Village-Marseille-Mai-2024-scaled.jpeg 1920w\" sizes=\"(max-width: 768px) 100vw, 768px\" \/>\t\t\t\t\t\t\t\t\t\t\t<figcaption class=\"widget-image-caption wp-caption-text\">Les Docks Village, Marseille, mai 2024,<\/figcaption>\n\t\t\t\t\t\t\t\t\t\t<\/figure>\n\t\t\t\t\t\t\t\t\t<\/div>\n\t\t\t\t<\/div>\n\t\t\t\t<div class=\"elementor-element elementor-element-27cae30 elementor-widget__width-initial elementor-widget elementor-widget-text-editor\" data-id=\"27cae30\" data-element_type=\"widget\" data-widget_type=\"text-editor.default\">\n\t\t\t\t<div class=\"elementor-widget-container\">\n\t\t\t\t\t\t\t\t\t<p><em><b>\u00ab\u00a0Les honoraires de diligences tiennent compte, selon les usages, de la situation de fortune du client, de la difficult\u00e9 de l&rsquo;affaire, des frais expos\u00e9s par l&rsquo;avocat, de sa notori\u00e9t\u00e9 et des diligences de celui-ci\u00a0\u00bb.&nbsp;<\/b><\/em><\/p><p><span style=\"font-size: 14px; color: var( --e-global-color-500ce37 ); text-align: var(--text-align);\">Article 11.2 du <\/span><span style=\"font-size: 14px; color: var( --e-global-color-500ce37 ); text-align: var(--text-align); text-decoration-line: underline;\"><a href=\"https:\/\/www.cnb.avocat.fr\/sites\/default\/files\/cnb_rin_version_2024-05-03_0.pdf\">R\u00e8glement Int\u00e9rieur National<\/a>&nbsp;<\/span><span style=\"font-size: 14px; color: var( --e-global-color-500ce37 ); text-align: var(--text-align);\">de la Profession d&rsquo;Avocat<\/span><\/p>\t\t\t\t\t\t\t\t<\/div>\n\t\t\t\t<\/div>\n\t\t\t\t<\/div>\n\t\t<div class=\"elementor-element elementor-element-f649ce4 e-con-full e-flex e-con e-child\" data-id=\"f649ce4\" data-element_type=\"container\">\n\t\t\t\t<div class=\"elementor-element elementor-element-e916a34 elementor-widget elementor-widget-image\" data-id=\"e916a34\" data-element_type=\"widget\" data-widget_type=\"image.default\">\n\t\t\t\t<div class=\"elementor-widget-container\">\n\t\t\t\t\t\t\t\t\t\t\t\t<figure class=\"wp-caption\">\n\t\t\t\t\t\t\t\t\t\t<img decoding=\"async\" width=\"767\" height=\"1024\" src=\"https:\/\/www.jcavocat.com\/wp-content\/uploads\/2024\/07\/Les-Goudes-MArseille-avril-2023-767x1024.jpeg\" class=\"attachment-large size-large wp-image-602\" alt=\"\" srcset=\"https:\/\/www.jcavocat.com\/wp-content\/uploads\/2024\/07\/Les-Goudes-MArseille-avril-2023-767x1024.jpeg 767w, https:\/\/www.jcavocat.com\/wp-content\/uploads\/2024\/07\/Les-Goudes-MArseille-avril-2023-225x300.jpeg 225w, https:\/\/www.jcavocat.com\/wp-content\/uploads\/2024\/07\/Les-Goudes-MArseille-avril-2023-768x1025.jpeg 768w, https:\/\/www.jcavocat.com\/wp-content\/uploads\/2024\/07\/Les-Goudes-MArseille-avril-2023-1151x1536.jpeg 1151w, https:\/\/www.jcavocat.com\/wp-content\/uploads\/2024\/07\/Les-Goudes-MArseille-avril-2023-1535x2048.jpeg 1535w, https:\/\/www.jcavocat.com\/wp-content\/uploads\/2024\/07\/Les-Goudes-MArseille-avril-2023-scaled.jpeg 1918w\" sizes=\"(max-width: 767px) 100vw, 767px\" \/>\t\t\t\t\t\t\t\t\t\t\t<figcaption class=\"widget-image-caption wp-caption-text\">Les Goudes, Marseille, avril 2023<\/figcaption>\n\t\t\t\t\t\t\t\t\t\t<\/figure>\n\t\t\t\t\t\t\t\t\t<\/div>\n\t\t\t\t<\/div>\n\t\t\t\t<\/div>\n\t\t<div class=\"elementor-element elementor-element-891b155 e-con-full e-flex e-con e-child\" data-id=\"891b155\" data-element_type=\"container\">\n\t\t<div class=\"elementor-element elementor-element-e0e2493 e-grid e-con-boxed e-con e-child\" data-id=\"e0e2493\" data-element_type=\"container\">\n\t\t\t\t\t<div class=\"e-con-inner\">\n\t\t\t\t<div class=\"elementor-element elementor-element-5dfb466 elementor-align-center elementor-widget elementor-widget-button\" data-id=\"5dfb466\" data-element_type=\"widget\" data-widget_type=\"button.default\">\n\t\t\t\t<div class=\"elementor-widget-container\">\n\t\t\t\t\t\t\t\t\t<div class=\"elementor-button-wrapper\">\n\t\t\t\t\t<a class=\"elementor-button elementor-button-link elementor-size-sm\" href=\"https:\/\/www.jcavocat.com\/index.php\/un-particulier\/\">\n\t\t\t\t\t\t<span class=\"elementor-button-content-wrapper\">\n\t\t\t\t\t\t\t\t\t<span class=\"elementor-button-text\">Particuliers, syndicats de copropri\u00e9taires<\/span>\n\t\t\t\t\t<\/span>\n\t\t\t\t\t<\/a>\n\t\t\t\t<\/div>\n\t\t\t\t\t\t\t\t<\/div>\n\t\t\t\t<\/div>\n\t\t\t\t<div class=\"elementor-element elementor-element-507d97d elementor-align-center elementor-widget elementor-widget-button\" data-id=\"507d97d\" data-element_type=\"widget\" data-widget_type=\"button.default\">\n\t\t\t\t<div class=\"elementor-widget-container\">\n\t\t\t\t\t\t\t\t\t<div class=\"elementor-button-wrapper\">\n\t\t\t\t\t<a class=\"elementor-button elementor-button-link elementor-size-sm\" href=\"https:\/\/www.jcavocat.com\/index.php\/un-professionnel\/\">\n\t\t\t\t\t\t<span class=\"elementor-button-content-wrapper\">\n\t\t\t\t\t\t\t\t\t<span class=\"elementor-button-text\">Entreprises, porteurs de projets ou associations<\/span>\n\t\t\t\t\t<\/span>\n\t\t\t\t\t<\/a>\n\t\t\t\t<\/div>\n\t\t\t\t\t\t\t\t<\/div>\n\t\t\t\t<\/div>\n\t\t\t\t<div class=\"elementor-element elementor-element-19e4142 elementor-align-center elementor-widget elementor-widget-button\" data-id=\"19e4142\" data-element_type=\"widget\" data-widget_type=\"button.default\">\n\t\t\t\t<div class=\"elementor-widget-container\">\n\t\t\t\t\t\t\t\t\t<div class=\"elementor-button-wrapper\">\n\t\t\t\t\t<a class=\"elementor-button elementor-button-link elementor-size-sm\" href=\"\">\n\t\t\t\t\t\t<span class=\"elementor-button-content-wrapper\">\n\t\t\t\t\t\t\t\t\t<span class=\"elementor-button-text\">Collectivit\u00e9s, entreprises publiques<\/span>\n\t\t\t\t\t<\/span>\n\t\t\t\t\t<\/a>\n\t\t\t\t<\/div>\n\t\t\t\t\t\t\t\t<\/div>\n\t\t\t\t<\/div>\n\t\t\t\t\t<\/div>\n\t\t\t\t<\/div>\n\t\t\t\t<div class=\"elementor-element elementor-element-2fbc6ec elementor-widget-divider--view-line elementor-widget elementor-widget-divider\" data-id=\"2fbc6ec\" data-element_type=\"widget\" data-widget_type=\"divider.default\">\n\t\t\t\t<div class=\"elementor-widget-container\">\n\t\t\t\t\t\t\t<div class=\"elementor-divider\">\n\t\t\t<span class=\"elementor-divider-separator\">\n\t\t\t\t\t\t<\/span>\n\t\t<\/div>\n\t\t\t\t\t\t<\/div>\n\t\t\t\t<\/div>\n\t\t\t\t<div class=\"elementor-element elementor-element-0dc1167 elementor-align-center elementor-widget elementor-widget-button\" data-id=\"0dc1167\" data-element_type=\"widget\" data-widget_type=\"button.default\">\n\t\t\t\t<div class=\"elementor-widget-container\">\n\t\t\t\t\t\t\t\t\t<div class=\"elementor-button-wrapper\">\n\t\t\t\t\t<a class=\"elementor-button elementor-button-link elementor-size-sm\" href=\"https:\/\/www.jcavocat.com\/index.php\/contact\/\">\n\t\t\t\t\t\t<span class=\"elementor-button-content-wrapper\">\n\t\t\t\t\t\t\t\t\t<span class=\"elementor-button-text\">Prendre rendez-vous<\/span>\n\t\t\t\t\t<\/span>\n\t\t\t\t\t<\/a>\n\t\t\t\t<\/div>\n\t\t\t\t\t\t\t\t<\/div>\n\t\t\t\t<\/div>\n\t\t\t\t<div class=\"elementor-element elementor-element-71a8d4a elementor-widget-divider--view-line elementor-widget elementor-widget-divider\" data-id=\"71a8d4a\" data-element_type=\"widget\" data-widget_type=\"divider.default\">\n\t\t\t\t<div class=\"elementor-widget-container\">\n\t\t\t\t\t\t\t<div class=\"elementor-divider\">\n\t\t\t<span class=\"elementor-divider-separator\">\n\t\t\t\t\t\t<\/span>\n\t\t<\/div>\n\t\t\t\t\t\t<\/div>\n\t\t\t\t<\/div>\n\t\t\t\t<div class=\"elementor-element elementor-element-0114d2f elementor-widget elementor-widget-heading\" data-id=\"0114d2f\" data-element_type=\"widget\" data-widget_type=\"heading.default\">\n\t\t\t\t<div class=\"elementor-widget-container\">\n\t\t\t\t\t<h2 class=\"elementor-heading-title elementor-size-default\">Contactez Ma\u00eetre Chvetzoff pour un devis adapt\u00e9 \u00e0 votre situation<\/h2>\t\t\t\t<\/div>\n\t\t\t\t<\/div>\n\t\t\t\t<\/div>\n\t\t\t\t\t<\/div>\n\t\t\t\t<\/div>\n\t\t\t\t<\/div>\n\t\t","protected":false},"excerpt":{"rendered":"<p>HONORAIRES La r\u00e9mun\u00e9ration de l&rsquo;avocat La r\u00e9mun\u00e9ration de l&rsquo;avocat fait l&rsquo;objet d&rsquo;un cadre juridique contraint, et lui impose des obligations d&rsquo;information&nbsp;et de contractualisation de sa relation avec son client. Cette r\u00e9mun\u00e9ration doit par cons\u00e9quent faire l&rsquo;objet d&rsquo;une convention d&rsquo;honoraire pr\u00e9alable \u00e0 tout acte, sauf urgence particuli\u00e8re. Elle peut \u00eatre d\u00e9termin\u00e9e :&nbsp; Par forfait ; Selon [&hellip;]<\/p>\n","protected":false},"author":1,"featured_media":0,"parent":0,"menu_order":0,"comment_status":"closed","ping_status":"closed","template":"","meta":{"footnotes":""},"class_list":["post-20","page","type-page","status-publish","hentry","entry"],"yoast_head":"<!-- This site is optimized with the Yoast SEO plugin v24.9 - https:\/\/yoast.com\/wordpress\/plugins\/seo\/ -->\n<title>Honoraires<\/title>\n<meta name=\"description\" content=\"Comment sont calcul\u00e9es les honoraires d&#039;un avocat en droit de l&#039;urbanisme \u00e0 Lyon ? Contactez nous pour un devis personnalis\u00e9.\" \/>\n<meta name=\"robots\" content=\"index, follow, max-snippet:-1, max-image-preview:large, max-video-preview:-1\" \/>\n<link rel=\"canonical\" href=\"https:\/\/www.jcavocat.com\/index.php\/honoraires\/\" \/>\n<meta property=\"og:locale\" content=\"fr_FR\" \/>\n<meta property=\"og:type\" content=\"article\" \/>\n<meta property=\"og:title\" content=\"Honoraires\" \/>\n<meta property=\"og:description\" content=\"Comment sont calcul\u00e9es les honoraires d&#039;un avocat en droit de l&#039;urbanisme \u00e0 Lyon ? Contactez nous pour un devis personnalis\u00e9.\" \/>\n<meta property=\"og:url\" content=\"https:\/\/www.jcavocat.com\/index.php\/honoraires\/\" \/>\n<meta property=\"article:modified_time\" content=\"2024-08-05T11:49:12+00:00\" \/>\n<meta property=\"og:image\" content=\"http:\/\/www.jcavocat.com\/wp-content\/uploads\/2024\/07\/Les-Docks-Village-Marseille-Mai-2024-768x1024.jpeg\" \/>\n<meta name=\"twitter:card\" content=\"summary_large_image\" \/>\n<meta name=\"twitter:label1\" content=\"Dur\u00e9e de lecture estim\u00e9e\" \/>\n\t<meta name=\"twitter:data1\" content=\"2 minutes\" \/>\n<script type=\"application\/ld+json\" class=\"yoast-schema-graph\">{\"@context\":\"https:\/\/schema.org\",\"@graph\":[{\"@type\":\"WebPage\",\"@id\":\"https:\/\/www.jcavocat.com\/index.php\/honoraires\/\",\"url\":\"https:\/\/www.jcavocat.com\/index.php\/honoraires\/\",\"name\":\"Honoraires\",\"isPartOf\":{\"@id\":\"http:\/\/www.jcavocat.com\/#website\"},\"primaryImageOfPage\":{\"@id\":\"https:\/\/www.jcavocat.com\/index.php\/honoraires\/#primaryimage\"},\"image\":{\"@id\":\"https:\/\/www.jcavocat.com\/index.php\/honoraires\/#primaryimage\"},\"thumbnailUrl\":\"http:\/\/www.jcavocat.com\/wp-content\/uploads\/2024\/07\/Les-Docks-Village-Marseille-Mai-2024-768x1024.jpeg\",\"datePublished\":\"2024-04-28T13:42:50+00:00\",\"dateModified\":\"2024-08-05T11:49:12+00:00\",\"description\":\"Comment sont calcul\u00e9es les honoraires d'un avocat en droit de l'urbanisme \u00e0 Lyon ? Contactez nous pour un devis personnalis\u00e9.\",\"breadcrumb\":{\"@id\":\"https:\/\/www.jcavocat.com\/index.php\/honoraires\/#breadcrumb\"},\"inLanguage\":\"fr-FR\",\"potentialAction\":[{\"@type\":\"ReadAction\",\"target\":[\"https:\/\/www.jcavocat.com\/index.php\/honoraires\/\"]}]},{\"@type\":\"ImageObject\",\"inLanguage\":\"fr-FR\",\"@id\":\"https:\/\/www.jcavocat.com\/index.php\/honoraires\/#primaryimage\",\"url\":\"https:\/\/www.jcavocat.com\/wp-content\/uploads\/2024\/07\/Les-Docks-Village-Marseille-Mai-2024-scaled.jpeg\",\"contentUrl\":\"https:\/\/www.jcavocat.com\/wp-content\/uploads\/2024\/07\/Les-Docks-Village-Marseille-Mai-2024-scaled.jpeg\",\"width\":1920,\"height\":2560},{\"@type\":\"BreadcrumbList\",\"@id\":\"https:\/\/www.jcavocat.com\/index.php\/honoraires\/#breadcrumb\",\"itemListElement\":[{\"@type\":\"ListItem\",\"position\":1,\"name\":\"Accueil\",\"item\":\"http:\/\/www.jcavocat.com\/\"},{\"@type\":\"ListItem\",\"position\":2,\"name\":\"Honoraires\"}]},{\"@type\":\"WebSite\",\"@id\":\"http:\/\/www.jcavocat.com\/#website\",\"url\":\"http:\/\/www.jcavocat.com\/\",\"name\":\"\",\"description\":\"\",\"potentialAction\":[{\"@type\":\"SearchAction\",\"target\":{\"@type\":\"EntryPoint\",\"urlTemplate\":\"http:\/\/www.jcavocat.com\/?s={search_term_string}\"},\"query-input\":{\"@type\":\"PropertyValueSpecification\",\"valueRequired\":true,\"valueName\":\"search_term_string\"}}],\"inLanguage\":\"fr-FR\"}]}<\/script>\n<!-- \/ Yoast SEO plugin. -->","yoast_head_json":{"title":"Honoraires","description":"Comment sont calcul\u00e9es les honoraires d'un avocat en droit de l'urbanisme \u00e0 Lyon ? Contactez nous pour un devis personnalis\u00e9.","robots":{"index":"index","follow":"follow","max-snippet":"max-snippet:-1","max-image-preview":"max-image-preview:large","max-video-preview":"max-video-preview:-1"},"canonical":"https:\/\/www.jcavocat.com\/index.php\/honoraires\/","og_locale":"fr_FR","og_type":"article","og_title":"Honoraires","og_description":"Comment sont calcul\u00e9es les honoraires d'un avocat en droit de l'urbanisme \u00e0 Lyon ? Contactez nous pour un devis personnalis\u00e9.","og_url":"https:\/\/www.jcavocat.com\/index.php\/honoraires\/","article_modified_time":"2024-08-05T11:49:12+00:00","og_image":[{"url":"http:\/\/www.jcavocat.com\/wp-content\/uploads\/2024\/07\/Les-Docks-Village-Marseille-Mai-2024-768x1024.jpeg","type":"","width":"","height":""}],"twitter_card":"summary_large_image","twitter_misc":{"Dur\u00e9e de lecture estim\u00e9e":"2 minutes"},"schema":{"@context":"https:\/\/schema.org","@graph":[{"@type":"WebPage","@id":"https:\/\/www.jcavocat.com\/index.php\/honoraires\/","url":"https:\/\/www.jcavocat.com\/index.php\/honoraires\/","name":"Honoraires","isPartOf":{"@id":"http:\/\/www.jcavocat.com\/#website"},"primaryImageOfPage":{"@id":"https:\/\/www.jcavocat.com\/index.php\/honoraires\/#primaryimage"},"image":{"@id":"https:\/\/www.jcavocat.com\/index.php\/honoraires\/#primaryimage"},"thumbnailUrl":"http:\/\/www.jcavocat.com\/wp-content\/uploads\/2024\/07\/Les-Docks-Village-Marseille-Mai-2024-768x1024.jpeg","datePublished":"2024-04-28T13:42:50+00:00","dateModified":"2024-08-05T11:49:12+00:00","description":"Comment sont calcul\u00e9es les honoraires d'un avocat en droit de l'urbanisme \u00e0 Lyon ? Contactez nous pour un devis personnalis\u00e9.","breadcrumb":{"@id":"https:\/\/www.jcavocat.com\/index.php\/honoraires\/#breadcrumb"},"inLanguage":"fr-FR","potentialAction":[{"@type":"ReadAction","target":["https:\/\/www.jcavocat.com\/index.php\/honoraires\/"]}]},{"@type":"ImageObject","inLanguage":"fr-FR","@id":"https:\/\/www.jcavocat.com\/index.php\/honoraires\/#primaryimage","url":"https:\/\/www.jcavocat.com\/wp-content\/uploads\/2024\/07\/Les-Docks-Village-Marseille-Mai-2024-scaled.jpeg","contentUrl":"https:\/\/www.jcavocat.com\/wp-content\/uploads\/2024\/07\/Les-Docks-Village-Marseille-Mai-2024-scaled.jpeg","width":1920,"height":2560},{"@type":"BreadcrumbList","@id":"https:\/\/www.jcavocat.com\/index.php\/honoraires\/#breadcrumb","itemListElement":[{"@type":"ListItem","position":1,"name":"Accueil","item":"http:\/\/www.jcavocat.com\/"},{"@type":"ListItem","position":2,"name":"Honoraires"}]},{"@type":"WebSite","@id":"http:\/\/www.jcavocat.com\/#website","url":"http:\/\/www.jcavocat.com\/","name":"","description":"","potentialAction":[{"@type":"SearchAction","target":{"@type":"EntryPoint","urlTemplate":"http:\/\/www.jcavocat.com\/?s={search_term_string}"},"query-input":{"@type":"PropertyValueSpecification","valueRequired":true,"valueName":"search_term_string"}}],"inLanguage":"fr-FR"}]}},"_links":{"self":[{"href":"https:\/\/www.jcavocat.com\/index.php\/wp-json\/wp\/v2\/pages\/20","targetHints":{"allow":["GET"]}}],"collection":[{"href":"https:\/\/www.jcavocat.com\/index.php\/wp-json\/wp\/v2\/pages"}],"about":[{"href":"https:\/\/www.jcavocat.com\/index.php\/wp-json\/wp\/v2\/types\/page"}],"author":[{"embeddable":true,"href":"https:\/\/www.jcavocat.com\/index.php\/wp-json\/wp\/v2\/users\/1"}],"replies":[{"embeddable":true,"href":"https:\/\/www.jcavocat.com\/index.php\/wp-json\/wp\/v2\/comments?post=20"}],"version-history":[{"count":16,"href":"https:\/\/www.jcavocat.com\/index.php\/wp-json\/wp\/v2\/pages\/20\/revisions"}],"predecessor-version":[{"id":746,"href":"https:\/\/www.jcavocat.com\/index.php\/wp-json\/wp\/v2\/pages\/20\/revisions\/746"}],"wp:attachment":[{"href":"https:\/\/www.jcavocat.com\/index.php\/wp-json\/wp\/v2\/media?parent=20"}],"curies":[{"name":"wp","href":"https:\/\/api.w.org\/{rel}","templated":true}]}}