{"id":16,"date":"2024-04-28T15:41:14","date_gmt":"2024-04-28T13:41:14","guid":{"rendered":"https:\/\/www.jcavocat.com\/?page_id=16"},"modified":"2024-08-05T13:45:40","modified_gmt":"2024-08-05T11:45:40","slug":"acces-au-droit","status":"publish","type":"page","link":"https:\/\/www.jcavocat.com\/index.php\/acces-au-droit\/","title":{"rendered":"Acc\u00e8s au droit"},"content":{"rendered":"\t\t<div data-elementor-type=\"wp-page\" data-elementor-id=\"16\" class=\"elementor elementor-16\">\n\t\t\t\t<div class=\"elementor-element elementor-element-fb1d56b e-con-full e-flex e-con e-parent\" data-id=\"fb1d56b\" data-element_type=\"container\" data-settings=\"{&quot;background_background&quot;:&quot;classic&quot;}\">\n\t\t\t\t<\/div>\n\t\t<div class=\"elementor-element elementor-element-fafaf6c e-con-full e-flex e-con e-parent\" data-id=\"fafaf6c\" data-element_type=\"container\">\n\t\t\t\t<div class=\"elementor-element elementor-element-14f3ab7 elementor-view-stacked elementor-widget-tablet__width-initial elementor-shape-circle elementor-position-top elementor-mobile-position-top elementor-widget elementor-widget-icon-box\" data-id=\"14f3ab7\" data-element_type=\"widget\" data-widget_type=\"icon-box.default\">\n\t\t\t\t<div class=\"elementor-widget-container\">\n\t\t\t\t\t\t\t<div class=\"elementor-icon-box-wrapper\">\n\n\t\t\t\t\t\t<div class=\"elementor-icon-box-icon\">\n\t\t\t\t<span  class=\"elementor-icon\">\n\t\t\t\t<svg aria-hidden=\"true\" class=\"e-font-icon-svg e-fas-balance-scale\" viewBox=\"0 0 640 512\" xmlns=\"http:\/\/www.w3.org\/2000\/svg\"><path d=\"M256 336h-.02c0-16.18 1.34-8.73-85.05-181.51-17.65-35.29-68.19-35.36-85.87 0C-2.06 328.75.02 320.33.02 336H0c0 44.18 57.31 80 128 80s128-35.82 128-80zM128 176l72 144H56l72-144zm511.98 160c0-16.18 1.34-8.73-85.05-181.51-17.65-35.29-68.19-35.36-85.87 0-87.12 174.26-85.04 165.84-85.04 181.51H384c0 44.18 57.31 80 128 80s128-35.82 128-80h-.02zM440 320l72-144 72 144H440zm88 128H352V153.25c23.51-10.29 41.16-31.48 46.39-57.25H528c8.84 0 16-7.16 16-16V48c0-8.84-7.16-16-16-16H383.64C369.04 12.68 346.09 0 320 0s-49.04 12.68-63.64 32H112c-8.84 0-16 7.16-16 16v32c0 8.84 7.16 16 16 16h129.61c5.23 25.76 22.87 46.96 46.39 57.25V448H112c-8.84 0-16 7.16-16 16v32c0 8.84 7.16 16 16 16h416c8.84 0 16-7.16 16-16v-32c0-8.84-7.16-16-16-16z\"><\/path><\/svg>\t\t\t\t<\/span>\n\t\t\t<\/div>\n\t\t\t\n\t\t\t\t\t\t<div class=\"elementor-icon-box-content\">\n\n\t\t\t\t\t\t\t\t\t<h3 class=\"elementor-icon-box-title\">\n\t\t\t\t\t\t<span  >\n\t\t\t\t\t\t\tUne conviction : participer \u00e0 l'acc\u00e8s au droit de tous\t\t\t\t\t\t<\/span>\n\t\t\t\t\t<\/h3>\n\t\t\t\t\n\t\t\t\t\t\t\t\t\t<p class=\"elementor-icon-box-description\">\n\t\t\t\t\t\t<b>Ma\u00eetre Julie Chvetzoff \u00e9tudie la situation de chacun de ses clients, afin de garantir l'acc\u00e8s \u00e0 un avocat : m\u00e9c\u00e9nat de comp\u00e9tences, garantie protection juridique, aide juridictionnelle.<\/b>\t\t\t\t\t<\/p>\n\t\t\t\t\n\t\t\t<\/div>\n\t\t\t\n\t\t<\/div>\n\t\t\t\t\t\t<\/div>\n\t\t\t\t<\/div>\n\t\t\t\t<\/div>\n\t\t<div class=\"elementor-element elementor-element-0e9f3c3 e-flex e-con-boxed e-con e-parent\" data-id=\"0e9f3c3\" data-element_type=\"container\">\n\t\t\t\t\t<div class=\"e-con-inner\">\n\t\t\t\t<div class=\"elementor-element elementor-element-8f806ac elementor-widget-divider--view-line elementor-widget elementor-widget-divider\" data-id=\"8f806ac\" data-element_type=\"widget\" data-widget_type=\"divider.default\">\n\t\t\t\t<div class=\"elementor-widget-container\">\n\t\t\t\t\t\t\t<div class=\"elementor-divider\">\n\t\t\t<span class=\"elementor-divider-separator\">\n\t\t\t\t\t\t<\/span>\n\t\t<\/div>\n\t\t\t\t\t\t<\/div>\n\t\t\t\t<\/div>\n\t\t\t\t<div class=\"elementor-element elementor-element-7c56e6c elementor-widget elementor-widget-heading\" data-id=\"7c56e6c\" data-element_type=\"widget\" data-widget_type=\"heading.default\">\n\t\t\t\t<div class=\"elementor-widget-container\">\n\t\t\t\t\t<h2 class=\"elementor-heading-title elementor-size-default\">M\u00e9c\u00e9nat de comp\u00e9tences<\/h2>\t\t\t\t<\/div>\n\t\t\t\t<\/div>\n\t\t\t\t\t<\/div>\n\t\t\t\t<\/div>\n\t\t<div class=\"elementor-element elementor-element-8c5e271 e-flex e-con-boxed e-con e-parent\" data-id=\"8c5e271\" data-element_type=\"container\">\n\t\t\t\t\t<div class=\"e-con-inner\">\n\t\t<div class=\"elementor-element elementor-element-6414f8f e-con-full e-flex e-con e-child\" data-id=\"6414f8f\" data-element_type=\"container\">\n\t\t\t\t<div class=\"elementor-element elementor-element-191d01d elementor-widget elementor-widget-text-editor\" data-id=\"191d01d\" data-element_type=\"widget\" data-widget_type=\"text-editor.default\">\n\t\t\t\t<div class=\"elementor-widget-container\">\n\t\t\t\t\t\t\t\t\t<p>Le m\u00e9c\u00e9nat de comp\u00e9tences est un don en nature : les comp\u00e9tences juridiques de Ma\u00eetre Chvetzoff sont mises \u00e0 disposition d\u2019un <strong>organisme d\u2019int\u00e9r\u00eat g\u00e9n\u00e9ral<\/strong>.<\/p><p>Cette mise \u00e0 disposition des comp\u00e9tences <em><strong>pro bono<\/strong> <\/em>b\u00e9n\u00e9ficie de\u00a0conditions fiscales avantageuses, et s&rsquo;inscrit dans une d\u00e9marche de <b>responsabilit\u00e9 soci\u00e9tale des entreprises.<\/b><\/p><p>Le temps et la fr\u00e9quence du m\u00e9c\u00e9nat de comp\u00e9tences peuvent consid\u00e9rablement varier en fonction des besoins : il peut aussi bien s\u2019agir d\u2019une mission courte, m\u00eame d\u2019une seule demi-journ\u00e9e, que d\u2019une mission plus longue voir d\u2019un plein temps dans la limite de 3 ans.<\/p>\t\t\t\t\t\t\t\t<\/div>\n\t\t\t\t<\/div>\n\t\t\t\t<\/div>\n\t\t<div class=\"elementor-element elementor-element-e6fd1a1 e-con-full e-flex e-con e-child\" data-id=\"e6fd1a1\" data-element_type=\"container\">\n\t\t\t\t<div class=\"elementor-element elementor-element-e967315 elementor-alert-info elementor-widget elementor-widget-alert\" data-id=\"e967315\" data-element_type=\"widget\" data-widget_type=\"alert.default\">\n\t\t\t\t<div class=\"elementor-widget-container\">\n\t\t\t\t\t\t\t<div class=\"elementor-alert\" role=\"alert\">\n\n\t\t\t\t\t\t<span class=\"elementor-alert-title\">Qu\u2019est-ce qu\u2019un organisme d\u2019int\u00e9r\u00eat g\u00e9n\u00e9ral ?<\/span>\n\t\t\t\n\t\t\t\t\t\t<span class=\"elementor-alert-description\">Les associations, \u0153uvres ou organismes d\u2019int\u00e9r\u00eat g\u00e9n\u00e9ral ; Les fondations ou associations reconnues d\u2019utilit\u00e9 publique ; Les fondations d\u2019entreprise ; Les \u00e9tablissements d\u2019enseignement sup\u00e9rieur ou d\u2019enseignement artistique public ou priv\u00e9s \u00e0 but non lucratif agr\u00e9\u00e9s ; Les associations cultuelles ou de bienfaisance qui sont autoris\u00e9es \u00e0 recevoir\ndes dons ou legs, et les \u00e9tablissements des cultes reconnus d\u2019Alsace-Moselle ; Les associations de droit local dont la mission a \u00e9t\u00e9 reconnue d\u2019utilit\u00e9 publique ; Les associations de financement \u00e9lectoral et associations agr\u00e9es de financement des partis politiques ; Les organismes agr\u00e9\u00e9s pour la cr\u00e9ation d\u2019entreprise ; La fondation du patrimoine.<\/span>\n\t\t\t\n\t\t\t\n\t\t<\/div>\n\t\t\t\t\t\t<\/div>\n\t\t\t\t<\/div>\n\t\t\t\t<\/div>\n\t\t\t\t\t<\/div>\n\t\t\t\t<\/div>\n\t\t<div class=\"elementor-element elementor-element-c2fe135 e-flex e-con-boxed e-con e-parent\" data-id=\"c2fe135\" data-element_type=\"container\">\n\t\t\t\t\t<div class=\"e-con-inner\">\n\t\t\t\t<div class=\"elementor-element elementor-element-4c5c767 elementor-widget-divider--view-line elementor-widget elementor-widget-divider\" data-id=\"4c5c767\" data-element_type=\"widget\" data-widget_type=\"divider.default\">\n\t\t\t\t<div class=\"elementor-widget-container\">\n\t\t\t\t\t\t\t<div class=\"elementor-divider\">\n\t\t\t<span class=\"elementor-divider-separator\">\n\t\t\t\t\t\t<\/span>\n\t\t<\/div>\n\t\t\t\t\t\t<\/div>\n\t\t\t\t<\/div>\n\t\t\t\t\t<\/div>\n\t\t\t\t<\/div>\n\t\t<div class=\"elementor-element elementor-element-1681777 e-flex e-con-boxed e-con e-parent\" data-id=\"1681777\" data-element_type=\"container\">\n\t\t\t\t\t<div class=\"e-con-inner\">\n\t\t<div class=\"elementor-element elementor-element-5c90bbc e-con-full e-flex e-con e-child\" data-id=\"5c90bbc\" data-element_type=\"container\">\n\t\t\t\t<div class=\"elementor-element elementor-element-2030c61 elementor-widget__width-initial elementor-widget elementor-widget-heading\" data-id=\"2030c61\" data-element_type=\"widget\" data-widget_type=\"heading.default\">\n\t\t\t\t<div class=\"elementor-widget-container\">\n\t\t\t\t\t<h2 class=\"elementor-heading-title elementor-size-default\">Protection juridique<\/h2>\t\t\t\t<\/div>\n\t\t\t\t<\/div>\n\t\t\t\t<div class=\"elementor-element elementor-element-ffc6617 elementor-widget elementor-widget-text-editor\" data-id=\"ffc6617\" data-element_type=\"widget\" data-widget_type=\"text-editor.default\">\n\t\t\t\t<div class=\"elementor-widget-container\">\n\t\t\t\t\t\t\t\t\t<p>La garantie\u00a0<span class=\"expression\"><em>protection juridique<\/em><\/span> est une assurance qui permet de b\u00e9n\u00e9ficier d&rsquo;un conseil juridique ou de l&rsquo;assistance d&rsquo;un avocat dans une proc\u00e9dure judiciaire.\u00a0<\/p><p data-test=\"contenu-texte\">L&rsquo;assurance protection juridique prend g\u00e9n\u00e9ralement en charge les \u00e9l\u00e9ments suivants\u00a0:<\/p><ul class=\"sp-item-list\"><li>Service d&rsquo;information juridique<\/li><li>Prise en charge de tout ou partie des honoraires d&rsquo;avocat<\/li><li>Frais d&rsquo;expertise<\/li><li>Frais de proc\u00e9dure<\/li><\/ul><p>Cette assurance est parfois propos\u00e9e avec l&rsquo;assurance automobile ou l&rsquo;assurance habitation, mais vous pouvez aussi souscrire \u00e0 ce contrat directement aupr\u00e8s de l&rsquo;assureur de votre choix.<\/p><p>Ma\u00eetre Chvetzoff s&rsquo;engage \u00e0 faciliter les d\u00e9marches avec votre assureur.<\/p>\t\t\t\t\t\t\t\t<\/div>\n\t\t\t\t<\/div>\n\t\t\t\t<\/div>\n\t\t<div class=\"elementor-element elementor-element-89c0ad8 e-con-full e-flex e-con e-child\" data-id=\"89c0ad8\" data-element_type=\"container\">\n\t\t\t\t<div class=\"elementor-element elementor-element-6ea766b elementor-widget__width-initial elementor-widget elementor-widget-heading\" data-id=\"6ea766b\" data-element_type=\"widget\" data-widget_type=\"heading.default\">\n\t\t\t\t<div class=\"elementor-widget-container\">\n\t\t\t\t\t<h2 class=\"elementor-heading-title elementor-size-default\">Aide juridictionnelle<\/h2>\t\t\t\t<\/div>\n\t\t\t\t<\/div>\n\t\t\t\t<div class=\"elementor-element elementor-element-68f7b9c elementor-widget elementor-widget-text-editor\" data-id=\"68f7b9c\" data-element_type=\"widget\" data-widget_type=\"text-editor.default\">\n\t\t\t\t<div class=\"elementor-widget-container\">\n\t\t\t\t\t\t\t\t\t<p>Certains dossiers peuvent faire l&rsquo;objet d&rsquo;une prise en charge par le dispositif de l&rsquo;aide juridictionnelle.\u00a0<\/p><p>Vos frais de proc\u00e9dure seront alors pris en charge totalement ou partiellement par l\u2019Etat.<\/p><p>Apr\u00e8s validation du syst\u00e8me de prise en charge par Ma\u00eetre Chvetzoff, le<span style=\"font-size: 14px; color: var( --e-global-color-text ); text-align: var(--text-align);\">\u00a0<\/span><span style=\"text-decoration: underline;\"><a style=\"font-size: 14px; text-align: var(--text-align); background-color: #e0e0e0;\" href=\"https:\/\/www.aidejuridictionnelle.justice.fr\/\">portail de l&rsquo;aide juridictionnelle<\/a> <\/span>vous permet de faire une demande d&rsquo;aide pour vous-m\u00eame. Si vous souhaitez faire une demande pour une autre personne, vous devez compl\u00e9ter le <span style=\"text-decoration: underline;\"><a style=\"font-size: 14px; text-align: var(--text-align); background-color: #e0e0e0;\" href=\"https:\/\/www.aidejuridictionnelle.justice.fr\/aide\/demande-en-ligne?id=downloadCerfa\">formulaire Cerfa<\/a><\/span> puis le d\u00e9poser ou l&rsquo;envoyer par courrier au bureau d&rsquo;aide juridictionnelle comp\u00e9tent.<\/p><p>Votre dossier doit \u00eatre accompagn\u00e9 des pi\u00e8ces justificatives n\u00e9cessaires au traitement de votre demande.<\/p>\t\t\t\t\t\t\t\t<\/div>\n\t\t\t\t<\/div>\n\t\t\t\t<\/div>\n\t\t\t\t\t<\/div>\n\t\t\t\t<\/div>\n\t\t<div class=\"elementor-element elementor-element-e022a63 e-flex e-con-boxed e-con e-parent\" data-id=\"e022a63\" data-element_type=\"container\">\n\t\t\t\t\t<div class=\"e-con-inner\">\n\t\t<div class=\"elementor-element elementor-element-8e8c7f7 e-con-full e-flex e-con e-child\" data-id=\"8e8c7f7\" data-element_type=\"container\">\n\t\t\t\t<div class=\"elementor-element elementor-element-bc53e10 elementor-align-center elementor-widget elementor-widget-button\" data-id=\"bc53e10\" data-element_type=\"widget\" data-widget_type=\"button.default\">\n\t\t\t\t<div class=\"elementor-widget-container\">\n\t\t\t\t\t\t\t\t\t<div class=\"elementor-button-wrapper\">\n\t\t\t\t\t<a class=\"elementor-button elementor-button-link elementor-size-sm\" href=\"https:\/\/www.jcavocat.com\/index.php\/contact\/\">\n\t\t\t\t\t\t<span class=\"elementor-button-content-wrapper\">\n\t\t\t\t\t\t\t\t\t<span class=\"elementor-button-text\">Prendre rendez-vous<\/span>\n\t\t\t\t\t<\/span>\n\t\t\t\t\t<\/a>\n\t\t\t\t<\/div>\n\t\t\t\t\t\t\t\t<\/div>\n\t\t\t\t<\/div>\n\t\t\t\t<\/div>\n\t\t<div class=\"elementor-element elementor-element-e092531 e-con-full e-flex e-con e-child\" data-id=\"e092531\" data-element_type=\"container\">\n\t\t\t\t<div class=\"elementor-element elementor-element-c3ba313 elementor-align-center elementor-widget elementor-widget-button\" data-id=\"c3ba313\" data-element_type=\"widget\" data-widget_type=\"button.default\">\n\t\t\t\t<div class=\"elementor-widget-container\">\n\t\t\t\t\t\t\t\t\t<div class=\"elementor-button-wrapper\">\n\t\t\t\t\t<a class=\"elementor-button elementor-button-link elementor-size-sm\" href=\"https:\/\/www.jcavocat.com\/index.php\/honoraires\/\">\n\t\t\t\t\t\t<span class=\"elementor-button-content-wrapper\">\n\t\t\t\t\t\t\t\t\t<span class=\"elementor-button-text\">Honoraires<\/span>\n\t\t\t\t\t<\/span>\n\t\t\t\t\t<\/a>\n\t\t\t\t<\/div>\n\t\t\t\t\t\t\t\t<\/div>\n\t\t\t\t<\/div>\n\t\t\t\t<\/div>\n\t\t\t\t\t<\/div>\n\t\t\t\t<\/div>\n\t\t\t\t<\/div>\n\t\t","protected":false},"excerpt":{"rendered":"<p>Une conviction : participer \u00e0 l&rsquo;acc\u00e8s au droit de tous Ma\u00eetre Julie Chvetzoff \u00e9tudie la situation de chacun de ses clients, afin de garantir l&rsquo;acc\u00e8s \u00e0 un avocat : m\u00e9c\u00e9nat de comp\u00e9tences, garantie protection juridique, aide juridictionnelle. M\u00e9c\u00e9nat de comp\u00e9tences Le m\u00e9c\u00e9nat de comp\u00e9tences est un don en nature : les comp\u00e9tences juridiques de Ma\u00eetre [&hellip;]<\/p>\n","protected":false},"author":1,"featured_media":0,"parent":0,"menu_order":0,"comment_status":"closed","ping_status":"closed","template":"elementor_header_footer","meta":{"footnotes":""},"class_list":["post-16","page","type-page","status-publish","hentry","entry"],"yoast_head":"<!-- This site is optimized with the Yoast SEO plugin v24.9 - https:\/\/yoast.com\/wordpress\/plugins\/seo\/ -->\n<title>Acc\u00e8s au droit - Julie Chvetzoff<\/title>\n<meta name=\"description\" content=\"Ma\u00eetre Chvetzoff entend participer \u00e0 l&#039;acc\u00e8s au droit de tous : m\u00e9c\u00e9nat de comp\u00e9tences, protection juridique, aide juridictionnelle...\" \/>\n<meta name=\"robots\" content=\"index, follow, max-snippet:-1, max-image-preview:large, max-video-preview:-1\" \/>\n<link rel=\"canonical\" href=\"http:\/\/www.jcavocat.com\/index.php\/acces-au-droit\/\" \/>\n<meta property=\"og:locale\" content=\"fr_FR\" \/>\n<meta property=\"og:type\" content=\"article\" \/>\n<meta property=\"og:title\" content=\"Acc\u00e8s au droit - Julie Chvetzoff\" \/>\n<meta property=\"og:description\" content=\"Ma\u00eetre Chvetzoff entend participer \u00e0 l&#039;acc\u00e8s au droit de tous : m\u00e9c\u00e9nat de comp\u00e9tences, protection juridique, aide juridictionnelle...\" \/>\n<meta property=\"og:url\" content=\"http:\/\/www.jcavocat.com\/index.php\/acces-au-droit\/\" \/>\n<meta property=\"article:modified_time\" content=\"2024-08-05T11:45:40+00:00\" \/>\n<meta name=\"twitter:card\" content=\"summary_large_image\" \/>\n<meta name=\"twitter:label1\" content=\"Dur\u00e9e de lecture estim\u00e9e\" \/>\n\t<meta name=\"twitter:data1\" content=\"2 minutes\" \/>\n<script type=\"application\/ld+json\" class=\"yoast-schema-graph\">{\"@context\":\"https:\/\/schema.org\",\"@graph\":[{\"@type\":\"WebPage\",\"@id\":\"http:\/\/www.jcavocat.com\/index.php\/acces-au-droit\/\",\"url\":\"http:\/\/www.jcavocat.com\/index.php\/acces-au-droit\/\",\"name\":\"Acc\u00e8s au droit - Julie Chvetzoff\",\"isPartOf\":{\"@id\":\"http:\/\/www.jcavocat.com\/#website\"},\"datePublished\":\"2024-04-28T13:41:14+00:00\",\"dateModified\":\"2024-08-05T11:45:40+00:00\",\"description\":\"Ma\u00eetre Chvetzoff entend participer \u00e0 l'acc\u00e8s au droit de tous : m\u00e9c\u00e9nat de comp\u00e9tences, protection juridique, aide juridictionnelle...\",\"breadcrumb\":{\"@id\":\"http:\/\/www.jcavocat.com\/index.php\/acces-au-droit\/#breadcrumb\"},\"inLanguage\":\"fr-FR\",\"potentialAction\":[{\"@type\":\"ReadAction\",\"target\":[\"http:\/\/www.jcavocat.com\/index.php\/acces-au-droit\/\"]}]},{\"@type\":\"BreadcrumbList\",\"@id\":\"http:\/\/www.jcavocat.com\/index.php\/acces-au-droit\/#breadcrumb\",\"itemListElement\":[{\"@type\":\"ListItem\",\"position\":1,\"name\":\"Accueil\",\"item\":\"http:\/\/www.jcavocat.com\/\"},{\"@type\":\"ListItem\",\"position\":2,\"name\":\"Acc\u00e8s au droit\"}]},{\"@type\":\"WebSite\",\"@id\":\"http:\/\/www.jcavocat.com\/#website\",\"url\":\"http:\/\/www.jcavocat.com\/\",\"name\":\"\",\"description\":\"\",\"potentialAction\":[{\"@type\":\"SearchAction\",\"target\":{\"@type\":\"EntryPoint\",\"urlTemplate\":\"http:\/\/www.jcavocat.com\/?s={search_term_string}\"},\"query-input\":{\"@type\":\"PropertyValueSpecification\",\"valueRequired\":true,\"valueName\":\"search_term_string\"}}],\"inLanguage\":\"fr-FR\"}]}<\/script>\n<!-- \/ Yoast SEO plugin. -->","yoast_head_json":{"title":"Acc\u00e8s au droit - Julie Chvetzoff","description":"Ma\u00eetre Chvetzoff entend participer \u00e0 l'acc\u00e8s au droit de tous : m\u00e9c\u00e9nat de comp\u00e9tences, protection juridique, aide juridictionnelle...","robots":{"index":"index","follow":"follow","max-snippet":"max-snippet:-1","max-image-preview":"max-image-preview:large","max-video-preview":"max-video-preview:-1"},"canonical":"http:\/\/www.jcavocat.com\/index.php\/acces-au-droit\/","og_locale":"fr_FR","og_type":"article","og_title":"Acc\u00e8s au droit - Julie Chvetzoff","og_description":"Ma\u00eetre Chvetzoff entend participer \u00e0 l'acc\u00e8s au droit de tous : m\u00e9c\u00e9nat de comp\u00e9tences, protection juridique, aide juridictionnelle...","og_url":"http:\/\/www.jcavocat.com\/index.php\/acces-au-droit\/","article_modified_time":"2024-08-05T11:45:40+00:00","twitter_card":"summary_large_image","twitter_misc":{"Dur\u00e9e de lecture estim\u00e9e":"2 minutes"},"schema":{"@context":"https:\/\/schema.org","@graph":[{"@type":"WebPage","@id":"http:\/\/www.jcavocat.com\/index.php\/acces-au-droit\/","url":"http:\/\/www.jcavocat.com\/index.php\/acces-au-droit\/","name":"Acc\u00e8s au droit - Julie Chvetzoff","isPartOf":{"@id":"http:\/\/www.jcavocat.com\/#website"},"datePublished":"2024-04-28T13:41:14+00:00","dateModified":"2024-08-05T11:45:40+00:00","description":"Ma\u00eetre Chvetzoff entend participer \u00e0 l'acc\u00e8s au droit de tous : m\u00e9c\u00e9nat de comp\u00e9tences, protection juridique, aide juridictionnelle...","breadcrumb":{"@id":"http:\/\/www.jcavocat.com\/index.php\/acces-au-droit\/#breadcrumb"},"inLanguage":"fr-FR","potentialAction":[{"@type":"ReadAction","target":["http:\/\/www.jcavocat.com\/index.php\/acces-au-droit\/"]}]},{"@type":"BreadcrumbList","@id":"http:\/\/www.jcavocat.com\/index.php\/acces-au-droit\/#breadcrumb","itemListElement":[{"@type":"ListItem","position":1,"name":"Accueil","item":"http:\/\/www.jcavocat.com\/"},{"@type":"ListItem","position":2,"name":"Acc\u00e8s au droit"}]},{"@type":"WebSite","@id":"http:\/\/www.jcavocat.com\/#website","url":"http:\/\/www.jcavocat.com\/","name":"","description":"","potentialAction":[{"@type":"SearchAction","target":{"@type":"EntryPoint","urlTemplate":"http:\/\/www.jcavocat.com\/?s={search_term_string}"},"query-input":{"@type":"PropertyValueSpecification","valueRequired":true,"valueName":"search_term_string"}}],"inLanguage":"fr-FR"}]}},"_links":{"self":[{"href":"https:\/\/www.jcavocat.com\/index.php\/wp-json\/wp\/v2\/pages\/16","targetHints":{"allow":["GET"]}}],"collection":[{"href":"https:\/\/www.jcavocat.com\/index.php\/wp-json\/wp\/v2\/pages"}],"about":[{"href":"https:\/\/www.jcavocat.com\/index.php\/wp-json\/wp\/v2\/types\/page"}],"author":[{"embeddable":true,"href":"https:\/\/www.jcavocat.com\/index.php\/wp-json\/wp\/v2\/users\/1"}],"replies":[{"embeddable":true,"href":"https:\/\/www.jcavocat.com\/index.php\/wp-json\/wp\/v2\/comments?post=16"}],"version-history":[{"count":46,"href":"https:\/\/www.jcavocat.com\/index.php\/wp-json\/wp\/v2\/pages\/16\/revisions"}],"predecessor-version":[{"id":743,"href":"https:\/\/www.jcavocat.com\/index.php\/wp-json\/wp\/v2\/pages\/16\/revisions\/743"}],"wp:attachment":[{"href":"https:\/\/www.jcavocat.com\/index.php\/wp-json\/wp\/v2\/media?parent=16"}],"curies":[{"name":"wp","href":"https:\/\/api.w.org\/{rel}","templated":true}]}}