{"id":14,"date":"2024-04-28T15:39:28","date_gmt":"2024-04-28T13:39:28","guid":{"rendered":"https:\/\/www.jcavocat.com\/?page_id=14"},"modified":"2024-07-30T14:52:05","modified_gmt":"2024-07-30T12:52:05","slug":"vous-etes","status":"publish","type":"page","link":"https:\/\/www.jcavocat.com\/index.php\/vous-etes\/","title":{"rendered":"Vous \u00eates ?"},"content":{"rendered":"\t\t<div data-elementor-type=\"wp-page\" data-elementor-id=\"14\" class=\"elementor elementor-14\">\n\t\t\t\t<div class=\"elementor-element elementor-element-76ed959 e-flex e-con-boxed e-con e-parent\" data-id=\"76ed959\" data-element_type=\"container\">\n\t\t\t\t\t<div class=\"e-con-inner\">\n\t\t\t\t<div class=\"elementor-element elementor-element-87d15e9 elementor-view-stacked elementor-shape-circle elementor-widget elementor-widget-icon\" data-id=\"87d15e9\" data-element_type=\"widget\" data-widget_type=\"icon.default\">\n\t\t\t\t<div class=\"elementor-widget-container\">\n\t\t\t\t\t\t\t<div class=\"elementor-icon-wrapper\">\n\t\t\t<div class=\"elementor-icon\">\n\t\t\t<svg aria-hidden=\"true\" class=\"e-font-icon-svg e-fas-stream\" viewBox=\"0 0 512 512\" xmlns=\"http:\/\/www.w3.org\/2000\/svg\"><path d=\"M16 128h416c8.84 0 16-7.16 16-16V48c0-8.84-7.16-16-16-16H16C7.16 32 0 39.16 0 48v64c0 8.84 7.16 16 16 16zm480 80H80c-8.84 0-16 7.16-16 16v64c0 8.84 7.16 16 16 16h416c8.84 0 16-7.16 16-16v-64c0-8.84-7.16-16-16-16zm-64 176H16c-8.84 0-16 7.16-16 16v64c0 8.84 7.16 16 16 16h416c8.84 0 16-7.16 16-16v-64c0-8.84-7.16-16-16-16z\"><\/path><\/svg>\t\t\t<\/div>\n\t\t<\/div>\n\t\t\t\t\t\t<\/div>\n\t\t\t\t<\/div>\n\t\t\t\t<div class=\"elementor-element elementor-element-ce8502b elementor-widget elementor-widget-heading\" data-id=\"ce8502b\" data-element_type=\"widget\" data-widget_type=\"heading.default\">\n\t\t\t\t<div class=\"elementor-widget-container\">\n\t\t\t\t\t<h2 class=\"elementor-heading-title elementor-size-default\">Vous \u00eates ?<\/h2>\t\t\t\t<\/div>\n\t\t\t\t<\/div>\n\t\t\t\t\t<\/div>\n\t\t\t\t<\/div>\n\t\t<div class=\"elementor-element elementor-element-0b96b1b e-grid e-con-boxed e-con e-parent\" data-id=\"0b96b1b\" data-element_type=\"container\">\n\t\t\t\t\t<div class=\"e-con-inner\">\n\t\t\t\t<div class=\"elementor-element elementor-element-fe19518 elementor-align-center elementor-widget elementor-widget-button\" data-id=\"fe19518\" data-element_type=\"widget\" data-widget_type=\"button.default\">\n\t\t\t\t<div class=\"elementor-widget-container\">\n\t\t\t\t\t\t\t\t\t<div class=\"elementor-button-wrapper\">\n\t\t\t\t\t<a class=\"elementor-button elementor-button-link elementor-size-sm\" href=\"https:\/\/www.jcavocat.com\/index.php\/un-particulier\/\">\n\t\t\t\t\t\t<span class=\"elementor-button-content-wrapper\">\n\t\t\t\t\t\t\t\t\t<span class=\"elementor-button-text\">Particuliers, syndicats de copropri\u00e9taires<\/span>\n\t\t\t\t\t<\/span>\n\t\t\t\t\t<\/a>\n\t\t\t\t<\/div>\n\t\t\t\t\t\t\t\t<\/div>\n\t\t\t\t<\/div>\n\t\t\t\t<div class=\"elementor-element elementor-element-8c930ad elementor-align-center elementor-widget elementor-widget-button\" data-id=\"8c930ad\" data-element_type=\"widget\" data-widget_type=\"button.default\">\n\t\t\t\t<div class=\"elementor-widget-container\">\n\t\t\t\t\t\t\t\t\t<div class=\"elementor-button-wrapper\">\n\t\t\t\t\t<a class=\"elementor-button elementor-button-link elementor-size-sm\" href=\"https:\/\/www.jcavocat.com\/index.php\/un-professionnel\/\">\n\t\t\t\t\t\t<span class=\"elementor-button-content-wrapper\">\n\t\t\t\t\t\t\t\t\t<span class=\"elementor-button-text\">Entreprises, associations<\/span>\n\t\t\t\t\t<\/span>\n\t\t\t\t\t<\/a>\n\t\t\t\t<\/div>\n\t\t\t\t\t\t\t\t<\/div>\n\t\t\t\t<\/div>\n\t\t\t\t<div class=\"elementor-element elementor-element-7ce5a87 elementor-align-center elementor-widget elementor-widget-button\" data-id=\"7ce5a87\" data-element_type=\"widget\" data-widget_type=\"button.default\">\n\t\t\t\t<div class=\"elementor-widget-container\">\n\t\t\t\t\t\t\t\t\t<div class=\"elementor-button-wrapper\">\n\t\t\t\t\t<a class=\"elementor-button elementor-button-link elementor-size-sm\" href=\"https:\/\/www.jcavocat.com\/index.php\/une-personne-publique\/\">\n\t\t\t\t\t\t<span class=\"elementor-button-content-wrapper\">\n\t\t\t\t\t\t\t\t\t<span class=\"elementor-button-text\">Collectivit\u00e9s, entreprises publiques<\/span>\n\t\t\t\t\t<\/span>\n\t\t\t\t\t<\/a>\n\t\t\t\t<\/div>\n\t\t\t\t\t\t\t\t<\/div>\n\t\t\t\t<\/div>\n\t\t\t\t\t<\/div>\n\t\t\t\t<\/div>\n\t\t<div class=\"elementor-element elementor-element-7ebb9d2 e-grid e-con-boxed e-con e-parent\" data-id=\"7ebb9d2\" data-element_type=\"container\">\n\t\t\t\t\t<div class=\"e-con-inner\">\n\t\t\t\t<div class=\"elementor-element elementor-element-f54f426 elementor-widget elementor-widget-image\" data-id=\"f54f426\" data-element_type=\"widget\" data-widget_type=\"image.default\">\n\t\t\t\t<div class=\"elementor-widget-container\">\n\t\t\t\t\t\t\t\t\t\t\t\t<figure class=\"wp-caption\">\n\t\t\t\t\t\t\t\t\t\t<img fetchpriority=\"high\" decoding=\"async\" width=\"768\" height=\"1024\" src=\"https:\/\/www.jcavocat.com\/wp-content\/uploads\/2024\/05\/IMG_7931-1-768x1024.jpeg\" class=\"attachment-large size-large wp-image-158\" alt=\"\" srcset=\"https:\/\/www.jcavocat.com\/wp-content\/uploads\/2024\/05\/IMG_7931-1-768x1024.jpeg 768w, https:\/\/www.jcavocat.com\/wp-content\/uploads\/2024\/05\/IMG_7931-1-225x300.jpeg 225w, https:\/\/www.jcavocat.com\/wp-content\/uploads\/2024\/05\/IMG_7931-1-1152x1536.jpeg 1152w, https:\/\/www.jcavocat.com\/wp-content\/uploads\/2024\/05\/IMG_7931-1-1536x2048.jpeg 1536w, https:\/\/www.jcavocat.com\/wp-content\/uploads\/2024\/05\/IMG_7931-1-scaled.jpeg 1920w\" sizes=\"(max-width: 768px) 100vw, 768px\" \/>\t\t\t\t\t\t\t\t\t\t\t<figcaption class=\"widget-image-caption wp-caption-text\">Bosa, Sardaigne, Ao\u00fbt 2023 <\/figcaption>\n\t\t\t\t\t\t\t\t\t\t<\/figure>\n\t\t\t\t\t\t\t\t\t<\/div>\n\t\t\t\t<\/div>\n\t\t\t\t<div class=\"elementor-element elementor-element-dbcaf6e elementor-widget elementor-widget-image\" data-id=\"dbcaf6e\" data-element_type=\"widget\" data-widget_type=\"image.default\">\n\t\t\t\t<div class=\"elementor-widget-container\">\n\t\t\t\t\t\t\t\t\t\t\t\t<figure class=\"wp-caption\">\n\t\t\t\t\t\t\t\t\t\t<img decoding=\"async\" width=\"768\" height=\"1024\" src=\"https:\/\/www.jcavocat.com\/wp-content\/uploads\/2024\/05\/IMG_2935-768x1024.jpeg\" class=\"attachment-large size-large wp-image-155\" alt=\"\" srcset=\"https:\/\/www.jcavocat.com\/wp-content\/uploads\/2024\/05\/IMG_2935-768x1024.jpeg 768w, https:\/\/www.jcavocat.com\/wp-content\/uploads\/2024\/05\/IMG_2935-225x300.jpeg 225w, https:\/\/www.jcavocat.com\/wp-content\/uploads\/2024\/05\/IMG_2935-1152x1536.jpeg 1152w, https:\/\/www.jcavocat.com\/wp-content\/uploads\/2024\/05\/IMG_2935-1536x2048.jpeg 1536w, https:\/\/www.jcavocat.com\/wp-content\/uploads\/2024\/05\/IMG_2935-scaled.jpeg 1920w\" sizes=\"(max-width: 768px) 100vw, 768px\" \/>\t\t\t\t\t\t\t\t\t\t\t<figcaption class=\"widget-image-caption wp-caption-text\">Manhattan, New-York, Etats-Unis, Novembre 2022<\/figcaption>\n\t\t\t\t\t\t\t\t\t\t<\/figure>\n\t\t\t\t\t\t\t\t\t<\/div>\n\t\t\t\t<\/div>\n\t\t\t\t<div class=\"elementor-element elementor-element-b4eba1b elementor-widget elementor-widget-image\" data-id=\"b4eba1b\" data-element_type=\"widget\" data-widget_type=\"image.default\">\n\t\t\t\t<div class=\"elementor-widget-container\">\n\t\t\t\t\t\t\t\t\t\t\t\t<figure class=\"wp-caption\">\n\t\t\t\t\t\t\t\t\t\t<img decoding=\"async\" width=\"768\" height=\"1024\" src=\"https:\/\/www.jcavocat.com\/wp-content\/uploads\/2024\/05\/IMG_6199-768x1024.jpeg\" class=\"attachment-large size-large wp-image-157\" alt=\"\" srcset=\"https:\/\/www.jcavocat.com\/wp-content\/uploads\/2024\/05\/IMG_6199-768x1024.jpeg 768w, https:\/\/www.jcavocat.com\/wp-content\/uploads\/2024\/05\/IMG_6199-225x300.jpeg 225w, https:\/\/www.jcavocat.com\/wp-content\/uploads\/2024\/05\/IMG_6199-1152x1536.jpeg 1152w, https:\/\/www.jcavocat.com\/wp-content\/uploads\/2024\/05\/IMG_6199-1536x2048.jpeg 1536w, https:\/\/www.jcavocat.com\/wp-content\/uploads\/2024\/05\/IMG_6199-scaled.jpeg 1920w\" sizes=\"(max-width: 768px) 100vw, 768px\" \/>\t\t\t\t\t\t\t\t\t\t\t<figcaption class=\"widget-image-caption wp-caption-text\">Centre Pompidou,  Renzo Piano &amp; Richard Rogers, Paris, Juin 2023<\/figcaption>\n\t\t\t\t\t\t\t\t\t\t<\/figure>\n\t\t\t\t\t\t\t\t\t<\/div>\n\t\t\t\t<\/div>\n\t\t\t\t\t<\/div>\n\t\t\t\t<\/div>\n\t\t\t\t<\/div>\n\t\t","protected":false},"excerpt":{"rendered":"<p>Vous \u00eates ? Particuliers, syndicats de copropri\u00e9taires Entreprises, associations Collectivit\u00e9s, entreprises publiques Bosa, Sardaigne, Ao\u00fbt 2023 Manhattan, New-York, Etats-Unis, Novembre 2022 Centre Pompidou, Renzo Piano &amp; Richard Rogers, Paris, Juin 2023<\/p>\n","protected":false},"author":1,"featured_media":0,"parent":0,"menu_order":0,"comment_status":"closed","ping_status":"closed","template":"","meta":{"footnotes":""},"class_list":["post-14","page","type-page","status-publish","hentry","entry"],"yoast_head":"<!-- This site is optimized with the Yoast SEO plugin v24.9 - https:\/\/yoast.com\/wordpress\/plugins\/seo\/ -->\n<title>Vous \u00eates ?<\/title>\n<meta name=\"description\" content=\"Ma\u00eetre Chvetzoff accompagne les professionnels de la construction, les particuliers et les collectivit\u00e9s territoriales, \u00e9tablissements publics ou entreprises publiques.\" \/>\n<meta name=\"robots\" content=\"index, follow, max-snippet:-1, max-image-preview:large, max-video-preview:-1\" \/>\n<link rel=\"canonical\" href=\"https:\/\/www.jcavocat.com\/index.php\/vous-etes\/\" \/>\n<meta property=\"og:locale\" content=\"fr_FR\" \/>\n<meta property=\"og:type\" content=\"article\" \/>\n<meta property=\"og:title\" content=\"Vous \u00eates ?\" \/>\n<meta property=\"og:description\" content=\"Ma\u00eetre Chvetzoff accompagne les professionnels de la construction, les particuliers et les collectivit\u00e9s territoriales, \u00e9tablissements publics ou entreprises publiques.\" \/>\n<meta property=\"og:url\" content=\"https:\/\/www.jcavocat.com\/index.php\/vous-etes\/\" \/>\n<meta property=\"article:modified_time\" content=\"2024-07-30T12:52:05+00:00\" \/>\n<meta property=\"og:image\" content=\"http:\/\/www.jcavocat.com\/wp-content\/uploads\/2024\/05\/IMG_7931-1-768x1024.jpeg\" \/>\n<meta name=\"twitter:card\" content=\"summary_large_image\" \/>\n<meta name=\"twitter:label1\" content=\"Dur\u00e9e de lecture estim\u00e9e\" \/>\n\t<meta name=\"twitter:data1\" content=\"1 minute\" \/>\n<script type=\"application\/ld+json\" class=\"yoast-schema-graph\">{\"@context\":\"https:\/\/schema.org\",\"@graph\":[{\"@type\":\"WebPage\",\"@id\":\"https:\/\/www.jcavocat.com\/index.php\/vous-etes\/\",\"url\":\"https:\/\/www.jcavocat.com\/index.php\/vous-etes\/\",\"name\":\"Vous \u00eates ?\",\"isPartOf\":{\"@id\":\"http:\/\/www.jcavocat.com\/#website\"},\"primaryImageOfPage\":{\"@id\":\"https:\/\/www.jcavocat.com\/index.php\/vous-etes\/#primaryimage\"},\"image\":{\"@id\":\"https:\/\/www.jcavocat.com\/index.php\/vous-etes\/#primaryimage\"},\"thumbnailUrl\":\"http:\/\/www.jcavocat.com\/wp-content\/uploads\/2024\/05\/IMG_7931-1-768x1024.jpeg\",\"datePublished\":\"2024-04-28T13:39:28+00:00\",\"dateModified\":\"2024-07-30T12:52:05+00:00\",\"description\":\"Ma\u00eetre Chvetzoff accompagne les professionnels de la construction, les particuliers et les collectivit\u00e9s territoriales, \u00e9tablissements publics ou entreprises publiques.\",\"breadcrumb\":{\"@id\":\"https:\/\/www.jcavocat.com\/index.php\/vous-etes\/#breadcrumb\"},\"inLanguage\":\"fr-FR\",\"potentialAction\":[{\"@type\":\"ReadAction\",\"target\":[\"https:\/\/www.jcavocat.com\/index.php\/vous-etes\/\"]}]},{\"@type\":\"ImageObject\",\"inLanguage\":\"fr-FR\",\"@id\":\"https:\/\/www.jcavocat.com\/index.php\/vous-etes\/#primaryimage\",\"url\":\"http:\/\/www.jcavocat.com\/wp-content\/uploads\/2024\/05\/IMG_7931-1-768x1024.jpeg\",\"contentUrl\":\"http:\/\/www.jcavocat.com\/wp-content\/uploads\/2024\/05\/IMG_7931-1-768x1024.jpeg\"},{\"@type\":\"BreadcrumbList\",\"@id\":\"https:\/\/www.jcavocat.com\/index.php\/vous-etes\/#breadcrumb\",\"itemListElement\":[{\"@type\":\"ListItem\",\"position\":1,\"name\":\"Accueil\",\"item\":\"http:\/\/www.jcavocat.com\/\"},{\"@type\":\"ListItem\",\"position\":2,\"name\":\"Vous \u00eates ?\"}]},{\"@type\":\"WebSite\",\"@id\":\"http:\/\/www.jcavocat.com\/#website\",\"url\":\"http:\/\/www.jcavocat.com\/\",\"name\":\"\",\"description\":\"\",\"potentialAction\":[{\"@type\":\"SearchAction\",\"target\":{\"@type\":\"EntryPoint\",\"urlTemplate\":\"http:\/\/www.jcavocat.com\/?s={search_term_string}\"},\"query-input\":{\"@type\":\"PropertyValueSpecification\",\"valueRequired\":true,\"valueName\":\"search_term_string\"}}],\"inLanguage\":\"fr-FR\"}]}<\/script>\n<!-- \/ Yoast SEO plugin. -->","yoast_head_json":{"title":"Vous \u00eates ?","description":"Ma\u00eetre Chvetzoff accompagne les professionnels de la construction, les particuliers et les collectivit\u00e9s territoriales, \u00e9tablissements publics ou entreprises publiques.","robots":{"index":"index","follow":"follow","max-snippet":"max-snippet:-1","max-image-preview":"max-image-preview:large","max-video-preview":"max-video-preview:-1"},"canonical":"https:\/\/www.jcavocat.com\/index.php\/vous-etes\/","og_locale":"fr_FR","og_type":"article","og_title":"Vous \u00eates ?","og_description":"Ma\u00eetre Chvetzoff accompagne les professionnels de la construction, les particuliers et les collectivit\u00e9s territoriales, \u00e9tablissements publics ou entreprises publiques.","og_url":"https:\/\/www.jcavocat.com\/index.php\/vous-etes\/","article_modified_time":"2024-07-30T12:52:05+00:00","og_image":[{"url":"http:\/\/www.jcavocat.com\/wp-content\/uploads\/2024\/05\/IMG_7931-1-768x1024.jpeg","type":"","width":"","height":""}],"twitter_card":"summary_large_image","twitter_misc":{"Dur\u00e9e de lecture estim\u00e9e":"1 minute"},"schema":{"@context":"https:\/\/schema.org","@graph":[{"@type":"WebPage","@id":"https:\/\/www.jcavocat.com\/index.php\/vous-etes\/","url":"https:\/\/www.jcavocat.com\/index.php\/vous-etes\/","name":"Vous \u00eates ?","isPartOf":{"@id":"http:\/\/www.jcavocat.com\/#website"},"primaryImageOfPage":{"@id":"https:\/\/www.jcavocat.com\/index.php\/vous-etes\/#primaryimage"},"image":{"@id":"https:\/\/www.jcavocat.com\/index.php\/vous-etes\/#primaryimage"},"thumbnailUrl":"http:\/\/www.jcavocat.com\/wp-content\/uploads\/2024\/05\/IMG_7931-1-768x1024.jpeg","datePublished":"2024-04-28T13:39:28+00:00","dateModified":"2024-07-30T12:52:05+00:00","description":"Ma\u00eetre Chvetzoff accompagne les professionnels de la construction, les particuliers et les collectivit\u00e9s territoriales, \u00e9tablissements publics ou entreprises publiques.","breadcrumb":{"@id":"https:\/\/www.jcavocat.com\/index.php\/vous-etes\/#breadcrumb"},"inLanguage":"fr-FR","potentialAction":[{"@type":"ReadAction","target":["https:\/\/www.jcavocat.com\/index.php\/vous-etes\/"]}]},{"@type":"ImageObject","inLanguage":"fr-FR","@id":"https:\/\/www.jcavocat.com\/index.php\/vous-etes\/#primaryimage","url":"http:\/\/www.jcavocat.com\/wp-content\/uploads\/2024\/05\/IMG_7931-1-768x1024.jpeg","contentUrl":"http:\/\/www.jcavocat.com\/wp-content\/uploads\/2024\/05\/IMG_7931-1-768x1024.jpeg"},{"@type":"BreadcrumbList","@id":"https:\/\/www.jcavocat.com\/index.php\/vous-etes\/#breadcrumb","itemListElement":[{"@type":"ListItem","position":1,"name":"Accueil","item":"http:\/\/www.jcavocat.com\/"},{"@type":"ListItem","position":2,"name":"Vous \u00eates ?"}]},{"@type":"WebSite","@id":"http:\/\/www.jcavocat.com\/#website","url":"http:\/\/www.jcavocat.com\/","name":"","description":"","potentialAction":[{"@type":"SearchAction","target":{"@type":"EntryPoint","urlTemplate":"http:\/\/www.jcavocat.com\/?s={search_term_string}"},"query-input":{"@type":"PropertyValueSpecification","valueRequired":true,"valueName":"search_term_string"}}],"inLanguage":"fr-FR"}]}},"_links":{"self":[{"href":"https:\/\/www.jcavocat.com\/index.php\/wp-json\/wp\/v2\/pages\/14","targetHints":{"allow":["GET"]}}],"collection":[{"href":"https:\/\/www.jcavocat.com\/index.php\/wp-json\/wp\/v2\/pages"}],"about":[{"href":"https:\/\/www.jcavocat.com\/index.php\/wp-json\/wp\/v2\/types\/page"}],"author":[{"embeddable":true,"href":"https:\/\/www.jcavocat.com\/index.php\/wp-json\/wp\/v2\/users\/1"}],"replies":[{"embeddable":true,"href":"https:\/\/www.jcavocat.com\/index.php\/wp-json\/wp\/v2\/comments?post=14"}],"version-history":[{"count":19,"href":"https:\/\/www.jcavocat.com\/index.php\/wp-json\/wp\/v2\/pages\/14\/revisions"}],"predecessor-version":[{"id":248,"href":"https:\/\/www.jcavocat.com\/index.php\/wp-json\/wp\/v2\/pages\/14\/revisions\/248"}],"wp:attachment":[{"href":"https:\/\/www.jcavocat.com\/index.php\/wp-json\/wp\/v2\/media?parent=14"}],"curies":[{"name":"wp","href":"https:\/\/api.w.org\/{rel}","templated":true}]}}